{"id":615,"date":"2025-10-20T03:26:44","date_gmt":"2025-10-20T03:26:44","guid":{"rendered":"https:\/\/galapagosplanet.com.ec\/site\/?post_type=product&#038;p=615"},"modified":"2025-10-20T03:29:08","modified_gmt":"2025-10-20T03:29:08","slug":"tour-to-the-highlands-of-san-cristobal","status":"publish","type":"product","link":"https:\/\/galapagosplanet.com.ec\/site\/product\/tour-to-the-highlands-of-san-cristobal\/","title":{"rendered":"Tour to the Highlands of San Crist\u00f3bal"},"content":{"rendered":"<p>[et_pb_section fb_built=\"1\" _builder_version=\"4.16\" custom_padding=\"0px||||false|false\" collapsed=\"on\" global_colors_info=\"{}\"][et_pb_row _builder_version=\"4.16\" background_size=\"initial\" background_position=\"top_left\" background_repeat=\"repeat\" width=\"100%\" custom_padding=\"0px||0px||false|false\" global_colors_info=\"{}\"][et_pb_column type=\"4_4\" _builder_version=\"4.16\" custom_padding=\"|||\" global_colors_info=\"{}\" custom_padding__hover=\"|||\"][et_pb_wc_breadcrumb _builder_version=\"4.16\" global_colors_info=\"{}\"][\/et_pb_wc_breadcrumb][et_pb_wc_cart_notice _builder_version=\"4.16\" global_colors_info=\"{}\"][\/et_pb_wc_cart_notice][\/et_pb_column][\/et_pb_row][et_pb_row column_structure=\"1_2,1_2\" _builder_version=\"4.16\" background_size=\"initial\" background_position=\"top_left\" background_repeat=\"repeat\" width=\"100%\" custom_padding=\"0px||||false|false\" global_colors_info=\"{}\"][et_pb_column type=\"1_2\" _builder_version=\"4.16\" custom_padding=\"|||\" global_colors_info=\"{}\" custom_padding__hover=\"|||\"][et_pb_wc_images _builder_version=\"4.16\" global_colors_info=\"{}\"][\/et_pb_wc_images][\/et_pb_column][et_pb_column type=\"1_2\" _builder_version=\"4.16\" custom_padding=\"|||\" global_colors_info=\"{}\" custom_padding__hover=\"|||\"][et_pb_wc_title _builder_version=\"4.16\" global_colors_info=\"{}\"][\/et_pb_wc_title][et_pb_wc_rating _builder_version=\"4.16\" global_colors_info=\"{}\"][\/et_pb_wc_rating][et_pb_wc_price _builder_version=\"4.16\" global_colors_info=\"{}\"][\/et_pb_wc_price][et_pb_wc_description _builder_version=\"4.16\" global_colors_info=\"{}\"][\/et_pb_wc_description][et_pb_wc_add_to_cart _builder_version=\"4.16\" global_colors_info=\"{}\"][\/et_pb_wc_add_to_cart][et_pb_wc_meta _builder_version=\"4.16\" global_colors_info=\"{}\"][\/et_pb_wc_meta][\/et_pb_column][\/et_pb_row][et_pb_row _builder_version=\"4.16\" background_size=\"initial\" background_position=\"top_left\" background_repeat=\"repeat\" width=\"100%\" global_colors_info=\"{}\"][et_pb_column type=\"4_4\" _builder_version=\"4.16\" custom_padding=\"|||\" global_colors_info=\"{}\" custom_padding__hover=\"|||\"][et_pb_wc_tabs _builder_version=\"4.16\" global_colors_info=\"{}\"]\t\t\t\t\t[\/et_pb_wc_tabs][et_pb_wc_upsells _builder_version=\"4.16\" global_colors_info=\"{}\"][\/et_pb_wc_upsells][et_pb_wc_related_products _builder_version=\"4.16\" global_colors_info=\"{}\"][\/et_pb_wc_related_products][\/et_pb_column][\/et_pb_row][\/et_pb_section]<\/p>\n","protected":false},"excerpt":{"rendered":"<p>Discover the natural essence of the island's interior<\/p>\n","protected":false},"featured_media":574,"comment_status":"open","ping_status":"closed","template":"","meta":{"_et_pb_use_builder":"on","_et_pb_old_content":"<strong>Laguna El Junco \u2013 La Galapaguera \u2013 Playa Puerto Chino<\/strong>\r\n<strong>Duraci\u00f3n:<\/strong> Medio d\u00eda (aprox. 4 horas)\r\n<strong>Salidas diarias:<\/strong> Ma\u00f1ana o tarde\r\n<strong>Nivel de dificultad:<\/strong> F\u00e1cil \u2013 Moderado\r\n\r\n<strong>\u00a0Descubre la esencia natural del interior de la isla<\/strong>\r\n\r\nEste tour terrestre te lleva a explorar tres de los lugares m\u00e1s emblem\u00e1ticos de la parte alta de San Crist\u00f3bal, donde se combina la biodiversidad, historia natural y paisajes \u00fanicos de las Islas Gal\u00e1pagos. Ideal para quienes desean vivir una experiencia completa m\u00e1s all\u00e1 de las playas.\r\n\r\n<strong>\u00a0Itinerario del Tour<\/strong>\r\n\r\n<strong>\u00a0Laguna El Junco<\/strong>\r\n\r\nUna laguna de agua dulce ubicada en un cr\u00e1ter volc\u00e1nico, a m\u00e1s de 650 metros sobre el nivel del mar. Desde su mirador disfrutar\u00e1s de una vista panor\u00e1mica impresionante y podr\u00e1s observar aves end\u00e9micas como fragatas, patillos y pinzones.\r\n\r\n<em>Dato interesante:<\/em> Es la \u00fanica laguna de agua dulce permanente en Gal\u00e1pagos.\r\n\r\n<strong>\u00a0La Galapaguera <\/strong>\r\n\r\nCentro de conservaci\u00f3n de la tortuga gigante de San Crist\u00f3bal. Aqu\u00ed conocer\u00e1s su ciclo de vida, amenazas y esfuerzos de conservaci\u00f3n. Camina entre senderos rodeados de vegetaci\u00f3n nativa y observa de cerca estas especies emblem\u00e1ticas.\r\n\r\n<strong>Playa Puerto Chino<\/strong>\r\n\r\nUna playa de arena blanca y aguas cristalinas, rodeada de acantilados y naturaleza. Perfecta para relajarte, tomar fotos o darte un refrescante ba\u00f1o. A menudo se pueden ver lobos marinos descansando en la orilla.\r\n\r\n<strong>\u00a0Recomendaciones:<\/strong>\r\n<ul>\r\n \t<li>Llevar calzado c\u00f3modo, gorra, protector solar y repelente<\/li>\r\n \t<li>Traer traje de ba\u00f1o y toalla si deseas nadar<\/li>\r\n \t<li>C\u00e1mara fotogr\u00e1fica o binocular para observaci\u00f3n de aves<\/li>\r\n<\/ul>","_et_gb_content_width":""},"product_brand":[],"product_cat":[25],"product_tag":[],"class_list":{"0":"post-615","1":"product","2":"type-product","3":"status-publish","4":"has-post-thumbnail","6":"product_cat-tours","8":"first","9":"instock","10":"shipping-taxable","11":"product-type-simple"},"_links":{"self":[{"href":"https:\/\/galapagosplanet.com.ec\/site\/wp-json\/wp\/v2\/product\/615","targetHints":{"allow":["GET"]}}],"collection":[{"href":"https:\/\/galapagosplanet.com.ec\/site\/wp-json\/wp\/v2\/product"}],"about":[{"href":"https:\/\/galapagosplanet.com.ec\/site\/wp-json\/wp\/v2\/types\/product"}],"replies":[{"embeddable":true,"href":"https:\/\/galapagosplanet.com.ec\/site\/wp-json\/wp\/v2\/comments?post=615"}],"wp:featuredmedia":[{"embeddable":true,"href":"https:\/\/galapagosplanet.com.ec\/site\/wp-json\/wp\/v2\/media\/574"}],"wp:attachment":[{"href":"https:\/\/galapagosplanet.com.ec\/site\/wp-json\/wp\/v2\/media?parent=615"}],"wp:term":[{"taxonomy":"product_brand","embeddable":true,"href":"https:\/\/galapagosplanet.com.ec\/site\/wp-json\/wp\/v2\/product_brand?post=615"},{"taxonomy":"product_cat","embeddable":true,"href":"https:\/\/galapagosplanet.com.ec\/site\/wp-json\/wp\/v2\/product_cat?post=615"},{"taxonomy":"product_tag","embeddable":true,"href":"https:\/\/galapagosplanet.com.ec\/site\/wp-json\/wp\/v2\/product_tag?post=615"}],"curies":[{"name":"wp","href":"https:\/\/api.w.org\/{rel}","templated":true}]}}